{"id":1098,"date":"2024-01-14T23:36:24","date_gmt":"2024-01-14T22:36:24","guid":{"rendered":"https:\/\/salomegasselin.com\/?page_id=1098"},"modified":"2024-02-18T22:02:28","modified_gmt":"2024-02-18T21:02:28","slug":"salome-gasselin-revelation-soliste-instrumental","status":"publish","type":"page","link":"https:\/\/salomegasselin.com\/","title":{"rendered":"Acc"},"content":{"rendered":"\t\t<div data-elementor-type=\"wp-page\" data-elementor-id=\"1098\" class=\"elementor elementor-1098\">\n\t\t\t\t<div class=\"elementor-element elementor-element-3cb8d5c e-flex e-con-boxed e-con e-parent\" data-id=\"3cb8d5c\" data-element_type=\"container\" data-e-type=\"container\">\n\t\t\t\t\t<div class=\"e-con-inner\">\n\t\t<div class=\"elementor-element elementor-element-e321d55 e-flex e-con-boxed e-con e-child\" data-id=\"e321d55\" data-element_type=\"container\" data-e-type=\"container\" data-settings=\"{&quot;background_background&quot;:&quot;classic&quot;}\">\n\t\t\t\t\t<div class=\"e-con-inner\">\n\t\t\t\t<div class=\"elementor-element elementor-element-641c7de elementor-widget__width-inherit elementor-widget elementor-widget-image\" data-id=\"641c7de\" data-element_type=\"widget\" data-e-type=\"widget\" data-widget_type=\"image.default\">\n\t\t\t\t<div class=\"elementor-widget-container\">\n\t\t\t\t\t\t\t\t\t\t\t\t\t\t\t<img fetchpriority=\"high\" decoding=\"async\" width=\"1024\" height=\"679\" src=\"https:\/\/salomegasselin.com\/wp-content\/uploads\/2024\/01\/000063250001-1024x679.jpeg\" class=\"attachment-large size-large wp-image-352\" alt=\"Salom\u00e9 Gasselin\" srcset=\"https:\/\/salomegasselin.com\/wp-content\/uploads\/2024\/01\/000063250001-1024x679.jpeg 1024w, https:\/\/salomegasselin.com\/wp-content\/uploads\/2024\/01\/000063250001-300x199.jpeg 300w, https:\/\/salomegasselin.com\/wp-content\/uploads\/2024\/01\/000063250001-768x509.jpeg 768w, https:\/\/salomegasselin.com\/wp-content\/uploads\/2024\/01\/000063250001-1536x1018.jpeg 1536w, https:\/\/salomegasselin.com\/wp-content\/uploads\/2024\/01\/000063250001-2048x1358.jpeg 2048w\" sizes=\"(max-width: 1024px) 100vw, 1024px\" \/>\t\t\t\t\t\t\t\t\t\t\t\t\t\t\t<\/div>\n\t\t\t\t<\/div>\n\t\t\t\t\t<\/div>\n\t\t\t\t<\/div>\n\t\t\t\t\t<\/div>\n\t\t\t\t<\/div>\n\t\t<div class=\"elementor-element elementor-element-08e70ec e-flex e-con-boxed e-con e-parent\" data-id=\"08e70ec\" data-element_type=\"container\" data-e-type=\"container\">\n\t\t\t\t\t<div class=\"e-con-inner\">\n\t\t\t\t\t<\/div>\n\t\t\t\t<\/div>\n\t\t\t\t<\/div>\n\t\t","protected":false},"excerpt":{"rendered":"","protected":false},"author":1,"featured_media":0,"parent":0,"menu_order":0,"comment_status":"closed","ping_status":"closed","template":"elementor_header_footer","meta":{"_eb_attr":"","om_disable_all_campaigns":false,"_monsterinsights_skip_tracking":false,"_monsterinsights_sitenote_active":false,"_monsterinsights_sitenote_note":"","_monsterinsights_sitenote_category":0,"footnotes":""},"class_list":["post-1098","page","type-page","status-publish","hentry","entry"],"yoast_head":"<!-- This site is optimized with the Yoast SEO plugin v24.4 - https:\/\/yoast.com\/wordpress\/plugins\/seo\/ -->\n<title>Salom\u00e9 Gasselin - Viola da gamba<\/title>\n<meta name=\"description\" content=\"Salom\u00e9 GASSELIN, redonne des couleurs \u00e0 son instrument f\u00e9tiche : la viole de gambe. En 2024, elle est nomm\u00e9e dans la cat\u00e9gorie \u00ab R\u00e9v\u00e9lation soliste instrumental \u00bb des Victoires de la Musique Classique.\" \/>\n<meta name=\"robots\" content=\"index, follow, max-snippet:-1, max-image-preview:large, max-video-preview:-1\" \/>\n<link rel=\"canonical\" href=\"https:\/\/salomegasselin.com\/\" \/>\n<meta property=\"og:locale\" content=\"en_US\" \/>\n<meta property=\"og:type\" content=\"article\" \/>\n<meta property=\"og:title\" content=\"Salom\u00e9 Gasselin - Viola da gamba\" \/>\n<meta property=\"og:description\" content=\"Salom\u00e9 GASSELIN, redonne des couleurs \u00e0 son instrument f\u00e9tiche : la viole de gambe. En 2024, elle est nomm\u00e9e dans la cat\u00e9gorie \u00ab R\u00e9v\u00e9lation soliste instrumental \u00bb des Victoires de la Musique Classique.\" \/>\n<meta property=\"og:url\" content=\"https:\/\/salomegasselin.com\/\" \/>\n<meta property=\"og:site_name\" content=\"salomegasselin.com\" \/>\n<meta property=\"article:modified_time\" content=\"2024-02-18T21:02:28+00:00\" \/>\n<meta property=\"og:image\" content=\"http:\/\/salomegasselin.com\/wp-content\/uploads\/2024\/01\/000063250001-1024x679.jpeg\" \/>\n<meta name=\"twitter:card\" content=\"summary_large_image\" \/>\n<meta name=\"twitter:label1\" content=\"Est. reading time\" \/>\n\t<meta name=\"twitter:data1\" content=\"1 minute\" \/>\n<script type=\"application\/ld+json\" class=\"yoast-schema-graph\">{\"@context\":\"https:\/\/schema.org\",\"@graph\":[{\"@type\":\"WebPage\",\"@id\":\"https:\/\/salomegasselin.com\/\",\"url\":\"https:\/\/salomegasselin.com\/\",\"name\":\"Salom\u00e9 Gasselin - Viola da gamba\",\"isPartOf\":{\"@id\":\"https:\/\/salomegasselin.com\/#website\"},\"primaryImageOfPage\":{\"@id\":\"https:\/\/salomegasselin.com\/#primaryimage\"},\"image\":{\"@id\":\"https:\/\/salomegasselin.com\/#primaryimage\"},\"thumbnailUrl\":\"http:\/\/salomegasselin.com\/wp-content\/uploads\/2024\/01\/000063250001-1024x679.jpeg\",\"datePublished\":\"2024-01-14T22:36:24+00:00\",\"dateModified\":\"2024-02-18T21:02:28+00:00\",\"description\":\"Salom\u00e9 GASSELIN, redonne des couleurs \u00e0 son instrument f\u00e9tiche : la viole de gambe. En 2024, elle est nomm\u00e9e dans la cat\u00e9gorie \u00ab R\u00e9v\u00e9lation soliste instrumental \u00bb des Victoires de la Musique Classique.\",\"breadcrumb\":{\"@id\":\"https:\/\/salomegasselin.com\/#breadcrumb\"},\"inLanguage\":\"en-US\",\"potentialAction\":[{\"@type\":\"ReadAction\",\"target\":[\"https:\/\/salomegasselin.com\/\"]}]},{\"@type\":\"ImageObject\",\"inLanguage\":\"en-US\",\"@id\":\"https:\/\/salomegasselin.com\/#primaryimage\",\"url\":\"http:\/\/salomegasselin.com\/wp-content\/uploads\/2024\/01\/000063250001-1024x679.jpeg\",\"contentUrl\":\"http:\/\/salomegasselin.com\/wp-content\/uploads\/2024\/01\/000063250001-1024x679.jpeg\"},{\"@type\":\"BreadcrumbList\",\"@id\":\"https:\/\/salomegasselin.com\/#breadcrumb\",\"itemListElement\":[{\"@type\":\"ListItem\",\"position\":1,\"name\":\"Accueil\",\"item\":\"https:\/\/salomegasselin.com\/\"},{\"@type\":\"ListItem\",\"position\":2,\"name\":\"Acc\"}]},{\"@type\":\"WebSite\",\"@id\":\"https:\/\/salomegasselin.com\/#website\",\"url\":\"https:\/\/salomegasselin.com\/\",\"name\":\"salomegasselin.com\",\"description\":\"\",\"potentialAction\":[{\"@type\":\"SearchAction\",\"target\":{\"@type\":\"EntryPoint\",\"urlTemplate\":\"https:\/\/salomegasselin.com\/?s={search_term_string}\"},\"query-input\":{\"@type\":\"PropertyValueSpecification\",\"valueRequired\":true,\"valueName\":\"search_term_string\"}}],\"inLanguage\":\"en-US\"}]}<\/script>\n<!-- \/ Yoast SEO plugin. -->","yoast_head_json":{"title":"Salom\u00e9 Gasselin - Viola da gamba","description":"Salom\u00e9 GASSELIN, redonne des couleurs \u00e0 son instrument f\u00e9tiche : la viole de gambe. En 2024, elle est nomm\u00e9e dans la cat\u00e9gorie \u00ab R\u00e9v\u00e9lation soliste instrumental \u00bb des Victoires de la Musique Classique.","robots":{"index":"index","follow":"follow","max-snippet":"max-snippet:-1","max-image-preview":"max-image-preview:large","max-video-preview":"max-video-preview:-1"},"canonical":"https:\/\/salomegasselin.com\/","og_locale":"en_US","og_type":"article","og_title":"Salom\u00e9 Gasselin - Viola da gamba","og_description":"Salom\u00e9 GASSELIN, redonne des couleurs \u00e0 son instrument f\u00e9tiche : la viole de gambe. En 2024, elle est nomm\u00e9e dans la cat\u00e9gorie \u00ab R\u00e9v\u00e9lation soliste instrumental \u00bb des Victoires de la Musique Classique.","og_url":"https:\/\/salomegasselin.com\/","og_site_name":"salomegasselin.com","article_modified_time":"2024-02-18T21:02:28+00:00","og_image":[{"url":"http:\/\/salomegasselin.com\/wp-content\/uploads\/2024\/01\/000063250001-1024x679.jpeg","type":"","width":"","height":""}],"twitter_card":"summary_large_image","twitter_misc":{"Est. reading time":"1 minute"},"schema":{"@context":"https:\/\/schema.org","@graph":[{"@type":"WebPage","@id":"https:\/\/salomegasselin.com\/","url":"https:\/\/salomegasselin.com\/","name":"Salom\u00e9 Gasselin - Viola da gamba","isPartOf":{"@id":"https:\/\/salomegasselin.com\/#website"},"primaryImageOfPage":{"@id":"https:\/\/salomegasselin.com\/#primaryimage"},"image":{"@id":"https:\/\/salomegasselin.com\/#primaryimage"},"thumbnailUrl":"http:\/\/salomegasselin.com\/wp-content\/uploads\/2024\/01\/000063250001-1024x679.jpeg","datePublished":"2024-01-14T22:36:24+00:00","dateModified":"2024-02-18T21:02:28+00:00","description":"Salom\u00e9 GASSELIN, redonne des couleurs \u00e0 son instrument f\u00e9tiche : la viole de gambe. En 2024, elle est nomm\u00e9e dans la cat\u00e9gorie \u00ab R\u00e9v\u00e9lation soliste instrumental \u00bb des Victoires de la Musique Classique.","breadcrumb":{"@id":"https:\/\/salomegasselin.com\/#breadcrumb"},"inLanguage":"en-US","potentialAction":[{"@type":"ReadAction","target":["https:\/\/salomegasselin.com\/"]}]},{"@type":"ImageObject","inLanguage":"en-US","@id":"https:\/\/salomegasselin.com\/#primaryimage","url":"http:\/\/salomegasselin.com\/wp-content\/uploads\/2024\/01\/000063250001-1024x679.jpeg","contentUrl":"http:\/\/salomegasselin.com\/wp-content\/uploads\/2024\/01\/000063250001-1024x679.jpeg"},{"@type":"BreadcrumbList","@id":"https:\/\/salomegasselin.com\/#breadcrumb","itemListElement":[{"@type":"ListItem","position":1,"name":"Accueil","item":"https:\/\/salomegasselin.com\/"},{"@type":"ListItem","position":2,"name":"Acc"}]},{"@type":"WebSite","@id":"https:\/\/salomegasselin.com\/#website","url":"https:\/\/salomegasselin.com\/","name":"salomegasselin.com","description":"","potentialAction":[{"@type":"SearchAction","target":{"@type":"EntryPoint","urlTemplate":"https:\/\/salomegasselin.com\/?s={search_term_string}"},"query-input":{"@type":"PropertyValueSpecification","valueRequired":true,"valueName":"search_term_string"}}],"inLanguage":"en-US"}]}},"_links":{"self":[{"href":"https:\/\/salomegasselin.com\/index.php\/wp-json\/wp\/v2\/pages\/1098","targetHints":{"allow":["GET"]}}],"collection":[{"href":"https:\/\/salomegasselin.com\/index.php\/wp-json\/wp\/v2\/pages"}],"about":[{"href":"https:\/\/salomegasselin.com\/index.php\/wp-json\/wp\/v2\/types\/page"}],"author":[{"embeddable":true,"href":"https:\/\/salomegasselin.com\/index.php\/wp-json\/wp\/v2\/users\/1"}],"replies":[{"embeddable":true,"href":"https:\/\/salomegasselin.com\/index.php\/wp-json\/wp\/v2\/comments?post=1098"}],"version-history":[{"count":13,"href":"https:\/\/salomegasselin.com\/index.php\/wp-json\/wp\/v2\/pages\/1098\/revisions"}],"predecessor-version":[{"id":1157,"href":"https:\/\/salomegasselin.com\/index.php\/wp-json\/wp\/v2\/pages\/1098\/revisions\/1157"}],"wp:attachment":[{"href":"https:\/\/salomegasselin.com\/index.php\/wp-json\/wp\/v2\/media?parent=1098"}],"curies":[{"name":"wp","href":"https:\/\/api.w.org\/{rel}","templated":true}]}}